{"id":253,"date":"2020-08-24T04:21:39","date_gmt":"2020-08-24T04:21:39","guid":{"rendered":"http:\/\/classicafm.com\/v2\/index.php\/nosotros\/"},"modified":"2020-08-25T03:41:50","modified_gmt":"2020-08-25T03:41:50","slug":"nosotros","status":"publish","type":"page","link":"http:\/\/classicafm.com\/v2\/index.php\/nosotros\/","title":{"rendered":"Nosotros"},"content":{"rendered":"\n    \n    <section class=\"u-clearfix u-image u-section-2\" id=\"carousel_51b7\">\n      <div class=\"u-clearfix u-sheet u-sheet-1\">\n        <div class=\"u-container-style u-group u-group-1\">\n          <div class=\"u-container-layout u-container-layout-1\">\n            <p class=\"u-align-justify u-text u-text-white u-text-1\">Classica FM, oficialmente inicio sus transmisiones el mi\u00e9rcoles 6 de enero de 1993. Debido a varios re-ordenamientos de las frecuencias en la radiodifusi\u00f3n, su sinton\u00eda cambio de 107.5 MHz (1993) a 107.3 MHz (1994) y posteriormente a 107.1 MHz (1996). Actualmente y desde 2013 emite su se\u00f1al en la frecuencia 106.9 MHz bajo la autorizaci\u00f3n de la ATT como Operador 310, y forma parte de la Asociaci\u00f3n Boliviana de Radiodifusi\u00f3n (ASBORA).<br>\n            <\/p>\n            <p class=\"u-align-justify u-text u-text-body-alt-color u-text-2\">Fiel a una programaci\u00f3n que prioriza la m\u00fasica por sobre las palabras y una propuesta radial que comprende los \u00e9xitos del rock y del pop principalmente en ingl\u00e9s de las decadas de los 70, 80 y 90, es la radio pionera en el segmento adulto \u2013 contempor\u00e1neo.<br>\n              <br>El principal objetivo de la radioemisora es entretener a la audiencia con un formato totalmente musical en su programaci\u00f3n. Classica FM (cabina de emisi\u00f3n, sala de producci\u00f3n, departamento de comercializaci\u00f3n, direcci\u00f3n general y recepci\u00f3n) y planta transmisora con una potencia de 1.0 Kv est\u00e1n ubicados en calle Mandior\u00e9 N\u00ba 72.\n            <\/p>\n          <\/div>\n        <\/div>\n      <\/div>\n    <\/section>\n    <section class=\"u-clearfix u-image u-shading u-section-3\" id=\"carousel_7766\">\n      <div class=\"u-clearfix u-sheet u-valign-bottom-lg u-valign-bottom-md u-valign-bottom-sm u-valign-bottom-xl u-sheet-1\">\n        <div class=\"u-container-style u-group u-group-1\">\n          <div class=\"u-container-layout\">\n            <p class=\"u-align-justify u-text u-text-body-alt-color u-text-1\">Referencia General<br>\n              <br>Nombre: Classica FM<br>Frecuencia: 106.9 MHz&nbsp; (Santa Cruz de la Sierra)<br>Raz\u00f3n Social: RADIO DIFUSORA CLASICA FM<br>Direcci\u00f3n: Calle Mandior\u00e9 No 72 - Telf. 3339070<br>e-mail: radio@classicafm.com , comercial@classicafm.com<br>\n              <br>Perfil: Estaci\u00f3n de radio especializada en s\u00f3lo m\u00fasica.<br>Formato: Adulto Contempor\u00e1neo.<br>Horas de emisi\u00f3n: De lunes a jueves de 06:00 am a 03:00 am y 24 horas los viernes, s\u00e1bados y domingos.<br>Programaci\u00f3n Musical: Preferentemente \u00e9xitos en ingl\u00e9s, en todos los g\u00e9neros y estilos de los prol\u00edficos<br>a\u00f1os 80s y 90s en todos los g\u00e9neros y estilos.<br>\n              <br>Programas y Microprogramas<br>Producci\u00f3n Propia \/ Grabada previamente.<br>Producci\u00f3n Externa \/ Emitida en directo.<br>\n            <\/p>\n          <\/div>\n        <\/div>\n      <\/div>\n    <\/section>\n    <section class=\"u-clearfix u-image u-shading u-section-4\" id=\"carousel_1ff2\">\n      <div class=\"u-clearfix u-sheet u-valign-bottom u-sheet-1\">\n        <div class=\"u-container-style u-group u-group-1\">\n          <div class=\"u-container-layout\">\n            <p class=\"u-align-justify u-text u-text-body-alt-color u-text-1\">Publicidad<br>Publicidad Comercial: Pagada<br>Publicidad Comercial: Intercambios de Servicios<br>Publicidad Promocional: Auspicio y Apoyo<br>\n              <br>Tandas Comerciales Programadas diariamente<br>Cuatro tandas por hora de lunes a viernes<br>(ej.: 00:10 - 00:20 00:40 - 00:50)<br>Dos tandas por hora los s\u00e1bados y domingos<br>(ej.: 00:00 - 00:30)<br>Con difusi\u00f3n de Jingles \/ Cu\u00f1as \/ Promocionales<br>(de 30 segundos)<br>\n            <\/p>\n          <\/div>\n        <\/div>\n      <\/div>\n    <\/section>\n    <section class=\"u-clearfix u-image u-shading u-section-5\" id=\"carousel_c82d\">\n      <div class=\"u-clearfix u-sheet u-valign-middle-lg u-valign-middle-xl u-sheet-1\">\n        <div class=\"u-clearfix u-expanded-width-xs u-layout-wrap u-layout-wrap-1\">\n          <div class=\"u-layout\">\n            <div class=\"u-layout-row\">\n              <div class=\"u-container-style u-layout-cell u-left-cell u-size-23 u-layout-cell-1\">\n                <div class=\"u-container-layout u-container-layout-1\">\n                  <div class=\"u-clearfix u-custom-html u-expanded-width u-custom-html-1\">\n                    <iframe src=\"https:\/\/www.facebook.com\/plugins\/page.php?href=https%3A%2F%2Fwww.facebook.com%2FClassica106.9&amp;tabs=timeline&amp;width=340&amp;height=500&amp;small_header=true&amp;adapt_container_width=true&amp;hide_cover=true&amp;show_facepile=true&amp;appId\" width=\"340\" height=\"500\" style=\"border:none;overflow:hidden\" scrolling=\"no\" frameborder=\"0\" allowtransparency=\"true\" allow=\"encrypted-media\"><\/iframe>\n                  <\/div>\n                <\/div>\n              <\/div>\n              <div class=\"u-container-style u-layout-cell u-size-13 u-layout-cell-2\">\n                <div class=\"u-container-layout u-container-layout-2\"><\/div>\n              <\/div>\n              <div class=\"u-container-style u-layout-cell u-right-cell u-size-24 u-layout-cell-3\">\n                <div class=\"u-container-layout u-valign-middle-lg u-valign-middle-md u-valign-middle-sm u-valign-middle-xl u-container-layout-3\">\n                  <div class=\"u-clearfix u-custom-html u-expanded-width u-custom-html-2\">\n                    <a class=\"twitter-timeline\" data-lang=\"es\" data-width=\"340\" data-height=\"500\" href=\"https:\/\/twitter.com\/RadioClassicaFM?ref_src=twsrc%5Etfw\">Tweets by RadioClassicaFM<\/a>\n                    <script async=\"async\" src=\"https:\/\/platform.twitter.com\/widgets.js\" charset=\"utf-8\"><\/script>\n                  <\/div>\n                <\/div>\n              <\/div>\n            <\/div>\n          <\/div>\n        <\/div>\n      <\/div>\n    <\/section>\n    <section class=\"u-clearfix u-image u-shading u-section-6\" id=\"carousel_afd2\">\n      <div class=\"u-clearfix u-sheet u-valign-middle-md u-valign-middle-sm u-sheet-1\">\n        <div class=\"u-clearfix u-expanded-width-xs u-gutter-20 u-layout-wrap u-layout-wrap-1\">\n          <div class=\"u-layout\">\n            <div class=\"u-layout-row\">\n              <div class=\"u-container-style u-layout-cell u-left-cell u-size-30 u-layout-cell-1\">\n                <div class=\"u-container-layout\">\n                  <h2 class=\"u-custom-font u-text u-text-font u-text-1\">Ubicaci\u00f3n<\/h2>\n                  <h5 class=\"u-custom-font u-text u-text-body-alt-color u-text-font u-text-2\">Horario Dpto. Comercial<br>\n                    <br>Lunes - viernes<br>8:30 - 12:30 y&nbsp;14:30 - 18:30<br>\n                    <br>S\u00e1bado<br>9:00 - 13:00\n                  <\/h5>\n                  <span class=\"u-icon u-icon-circle u-text-body-alt-color u-icon-1\">\n                    <svg class=\"u-svg-link\" preserveAspectRatio=\"xMidYMin slice\" viewBox=\"0 0 54.757 54.757\" style=\"undefined\"><use xmlns:xlink=\"http:\/\/www.w3.org\/1999\/xlink\" xlink:href=\"#svg-53c6\"><\/use><\/svg>\n                    <svg xmlns=\"http:\/\/www.w3.org\/2000\/svg\" xmlns:xlink=\"http:\/\/www.w3.org\/1999\/xlink\" version=\"1.1\" id=\"svg-53c6\" x=\"0px\" y=\"0px\" viewBox=\"0 0 54.757 54.757\" style=\"enable-background:new 0 0 54.757 54.757;\" xml:space=\"preserve\" class=\"u-svg-content\"><g><path d=\"M27.557,12c-3.859,0-7,3.141-7,7s3.141,7,7,7s7-3.141,7-7S31.416,12,27.557,12z M27.557,24c-2.757,0-5-2.243-5-5   s2.243-5,5-5s5,2.243,5,5S30.314,24,27.557,24z\"><\/path><path d=\"M40.94,5.617C37.318,1.995,32.502,0,27.38,0c-5.123,0-9.938,1.995-13.56,5.617c-6.703,6.702-7.536,19.312-1.804,26.952   L27.38,54.757L42.721,32.6C48.476,24.929,47.643,12.319,40.94,5.617z M41.099,31.431L27.38,51.243L13.639,31.4   C8.44,24.468,9.185,13.08,15.235,7.031C18.479,3.787,22.792,2,27.38,2s8.901,1.787,12.146,5.031   C45.576,13.08,46.321,24.468,41.099,31.431z\"><\/path>\n<\/g><g><\/g><g><\/g><g><\/g><g><\/g><g><\/g><g><\/g><g><\/g><g><\/g><g><\/g><g><\/g><g><\/g><g><\/g><g><\/g><g><\/g><g><\/g><\/svg>\n                  <\/span>\n                  <p class=\"u-text u-text-body-alt-color u-text-3\">Calle Mandior\u00e9 N\u00ba 72<br>\n                    <br>\n                  <\/p>\n                  <p class=\"u-align-left-lg u-align-left-sm u-align-left-xl u-align-left-xs u-text u-text-body-alt-color u-text-4\">(591) 3 3339070<br>\n                    <br>\n                  <\/p>\n                  <span class=\"u-icon u-icon-circle u-text-body-alt-color u-icon-2\">\n                    <svg class=\"u-svg-link\" preserveAspectRatio=\"xMidYMin slice\" viewBox=\"0 0 60 60\" style=\"undefined\"><use xmlns:xlink=\"http:\/\/www.w3.org\/1999\/xlink\" xlink:href=\"#svg-8bbd\"><\/use><\/svg>\n                    <svg xmlns=\"http:\/\/www.w3.org\/2000\/svg\" xmlns:xlink=\"http:\/\/www.w3.org\/1999\/xlink\" version=\"1.1\" id=\"svg-8bbd\" x=\"0px\" y=\"0px\" viewBox=\"0 0 60 60\" style=\"enable-background:new 0 0 60 60;\" xml:space=\"preserve\" class=\"u-svg-content\"><g><path d=\"M42.595,0H17.405C14.977,0,13,1.977,13,4.405v51.189C13,58.023,14.977,60,17.405,60h25.189C45.023,60,47,58.023,47,55.595   V4.405C47,1.977,45.023,0,42.595,0z M15,8h30v38H15V8z M17.405,2h25.189C43.921,2,45,3.079,45,4.405V6H15V4.405   C15,3.079,16.079,2,17.405,2z M42.595,58H17.405C16.079,58,15,56.921,15,55.595V48h30v7.595C45,56.921,43.921,58,42.595,58z\"><\/path><path d=\"M30,49c-2.206,0-4,1.794-4,4s1.794,4,4,4s4-1.794,4-4S32.206,49,30,49z M30,55c-1.103,0-2-0.897-2-2s0.897-2,2-2   s2,0.897,2,2S31.103,55,30,55z\"><\/path><path d=\"M26,5h4c0.553,0,1-0.447,1-1s-0.447-1-1-1h-4c-0.553,0-1,0.447-1,1S25.447,5,26,5z\"><\/path><path d=\"M33,5h1c0.553,0,1-0.447,1-1s-0.447-1-1-1h-1c-0.553,0-1,0.447-1,1S32.447,5,33,5z\"><\/path><path d=\"M56.612,4.569c-0.391-0.391-1.023-0.391-1.414,0s-0.391,1.023,0,1.414c3.736,3.736,3.736,9.815,0,13.552   c-0.391,0.391-0.391,1.023,0,1.414c0.195,0.195,0.451,0.293,0.707,0.293s0.512-0.098,0.707-0.293   C61.128,16.434,61.128,9.085,56.612,4.569z\"><\/path><path d=\"M52.401,6.845c-0.391-0.391-1.023-0.391-1.414,0s-0.391,1.023,0,1.414c1.237,1.237,1.918,2.885,1.918,4.639   s-0.681,3.401-1.918,4.638c-0.391,0.391-0.391,1.023,0,1.414c0.195,0.195,0.451,0.293,0.707,0.293s0.512-0.098,0.707-0.293   c1.615-1.614,2.504-3.764,2.504-6.052S54.017,8.459,52.401,6.845z\"><\/path><path d=\"M4.802,5.983c0.391-0.391,0.391-1.023,0-1.414s-1.023-0.391-1.414,0c-4.516,4.516-4.516,11.864,0,16.38   c0.195,0.195,0.451,0.293,0.707,0.293s0.512-0.098,0.707-0.293c0.391-0.391,0.391-1.023,0-1.414   C1.065,15.799,1.065,9.72,4.802,5.983z\"><\/path><path d=\"M9.013,6.569c-0.391-0.391-1.023-0.391-1.414,0c-1.615,1.614-2.504,3.764-2.504,6.052s0.889,4.438,2.504,6.053   c0.195,0.195,0.451,0.293,0.707,0.293s0.512-0.098,0.707-0.293c0.391-0.391,0.391-1.023,0-1.414   c-1.237-1.237-1.918-2.885-1.918-4.639S7.775,9.22,9.013,7.983C9.403,7.593,9.403,6.96,9.013,6.569z\"><\/path>\n<\/g><g><\/g><g><\/g><g><\/g><g><\/g><g><\/g><g><\/g><g><\/g><g><\/g><g><\/g><g><\/g><g><\/g><g><\/g><g><\/g><g><\/g><g><\/g><\/svg>\n                  <\/span>\n                  <span class=\"u-icon u-icon-circle u-text-body-alt-color u-icon-3\">\n                    <svg class=\"u-svg-link\" preserveAspectRatio=\"xMidYMin slice\" viewBox=\"0 0 512 512\" style=\"undefined\"><use xmlns:xlink=\"http:\/\/www.w3.org\/1999\/xlink\" xlink:href=\"#svg-45ec\"><\/use><\/svg>\n                    <svg xmlns=\"http:\/\/www.w3.org\/2000\/svg\" xmlns:xlink=\"http:\/\/www.w3.org\/1999\/xlink\" version=\"1.1\" id=\"svg-45ec\" x=\"0px\" y=\"0px\" viewBox=\"0 0 512 512\" style=\"enable-background:new 0 0 512 512;\" xml:space=\"preserve\" class=\"u-svg-content\"><g><g><g><path d=\"M486.4,59.733H25.6c-14.138,0-25.6,11.461-25.6,25.6v341.333c0,14.138,11.461,25.6,25.6,25.6h460.8     c14.138,0,25.6-11.461,25.6-25.6V85.333C512,71.195,500.539,59.733,486.4,59.733z M494.933,426.667     c0,4.713-3.82,8.533-8.533,8.533H25.6c-4.713,0-8.533-3.82-8.533-8.533V85.333c0-4.713,3.82-8.533,8.533-8.533h460.8     c4.713,0,8.533,3.82,8.533,8.533V426.667z\"><\/path><path d=\"M470.076,93.898c-2.255-0.197-4.496,0.51-6.229,1.966L266.982,261.239c-6.349,5.337-15.616,5.337-21.965,0L48.154,95.863     c-2.335-1.96-5.539-2.526-8.404-1.484c-2.865,1.042-4.957,3.534-5.487,6.537s0.582,6.06,2.917,8.02l196.864,165.367     c12.688,10.683,31.224,10.683,43.913,0L474.82,108.937c1.734-1.455,2.818-3.539,3.015-5.794c0.197-2.255-0.51-4.496-1.966-6.229     C474.415,95.179,472.331,94.095,470.076,93.898z\"><\/path><path d=\"M164.124,273.13c-3.021-0.674-6.169,0.34-8.229,2.65l-119.467,128c-2.162,2.214-2.956,5.426-2.074,8.392     c0.882,2.967,3.301,5.223,6.321,5.897c3.021,0.674,6.169-0.34,8.229-2.65l119.467-128c2.162-2.214,2.956-5.426,2.074-8.392     C169.563,276.061,167.145,273.804,164.124,273.13z\"><\/path><path d=\"M356.105,275.78c-2.059-2.31-5.208-3.324-8.229-2.65c-3.021,0.674-5.439,2.931-6.321,5.897     c-0.882,2.967-0.088,6.178,2.074,8.392l119.467,128c3.24,3.318,8.536,3.442,11.927,0.278c3.391-3.164,3.635-8.456,0.549-11.918     L356.105,275.78z\"><\/path>\n<\/g>\n<\/g>\n<\/g><g><\/g><g><\/g><g><\/g><g><\/g><g><\/g><g><\/g><g><\/g><g><\/g><g><\/g><g><\/g><g><\/g><g><\/g><g><\/g><g><\/g><g><\/g><\/svg>\n                  <\/span>\n                  <p class=\"u-text u-text-body-alt-color u-text-5\">radio@classicafm.com<br>comercial@classicafm.com<br>\n                  <\/p>\n                <\/div>\n              <\/div>\n              <div class=\"u-container-style u-layout-cell u-right-cell u-size-30 u-layout-cell-2\">\n                <div class=\"u-container-layout\">\n                  <div class=\"u-expanded u-grey-light-2 u-map\">\n                    <div class=\"embed-responsive\">\n                      <iframe class=\"embed-responsive-item\" src=\"\/\/maps.google.com\/maps?output=embed&amp;q=calle%20Mandior%C3%A9%20N%C2%BA%2072&amp;z=10&amp;t=m\" data-map=\"JTdCJTIycG9zaXRpb25UeXBlJTIyJTNBJTIybWFwLWFkZHJlc3MlMjIlMkMlMjJhZGRyZXNzJTIyJTNBJTIyY2FsbGUlMjBNYW5kaW9yJUMzJUE5JTIwTiVDMiVCQSUyMDcyJTIyJTJDJTIyem9vbSUyMiUzQTEwJTJDJTIydHlwZUlkJTIyJTNBJTIycm9hZCUyMiUyQyUyMmxhbmclMjIlM0ElMjIlMjIlN0Q=\"><\/iframe>\n                    <\/div>\n                  <\/div>\n                <\/div>\n              <\/div>\n            <\/div>\n          <\/div>\n        <\/div>\n      <\/div>\n    <\/section>\n    \n    \n  \n","protected":false},"excerpt":{"rendered":"<p>Classica FM, oficialmente inicio sus transmisiones el mi\u00e9rcoles 6 de enero de 1993. Debido a varios re-ordenamientos de las frecuencias en la radiodifusi\u00f3n, su sinton\u00eda cambio de 107.5 MHz (1993) a 107.3 MHz (1994) y posteriormente a 107.1 MHz (1996). Actualmente y desde 2013 emite su se\u00f1al en la frecuencia 106.9 MHz bajo la autorizaci\u00f3n &hellip; <a href=\"http:\/\/classicafm.com\/v2\/index.php\/nosotros\/\" class=\"more-link\">Continue reading<span class=\"screen-reader-text\"> \u00abNosotros\u00bb<\/span><\/a><\/p>\n","protected":false},"author":1,"featured_media":0,"parent":0,"menu_order":5,"comment_status":"closed","ping_status":"closed","template":"","meta":[],"_links":{"self":[{"href":"http:\/\/classicafm.com\/v2\/index.php\/wp-json\/wp\/v2\/pages\/253"}],"collection":[{"href":"http:\/\/classicafm.com\/v2\/index.php\/wp-json\/wp\/v2\/pages"}],"about":[{"href":"http:\/\/classicafm.com\/v2\/index.php\/wp-json\/wp\/v2\/types\/page"}],"author":[{"embeddable":true,"href":"http:\/\/classicafm.com\/v2\/index.php\/wp-json\/wp\/v2\/users\/1"}],"replies":[{"embeddable":true,"href":"http:\/\/classicafm.com\/v2\/index.php\/wp-json\/wp\/v2\/comments?post=253"}],"version-history":[{"count":30,"href":"http:\/\/classicafm.com\/v2\/index.php\/wp-json\/wp\/v2\/pages\/253\/revisions"}],"predecessor-version":[{"id":290,"href":"http:\/\/classicafm.com\/v2\/index.php\/wp-json\/wp\/v2\/pages\/253\/revisions\/290"}],"wp:attachment":[{"href":"http:\/\/classicafm.com\/v2\/index.php\/wp-json\/wp\/v2\/media?parent=253"}],"curies":[{"name":"wp","href":"https:\/\/api.w.org\/{rel}","templated":true}]}}